{"id":790,"date":"2021-03-18T12:39:04","date_gmt":"2021-03-18T11:39:04","guid":{"rendered":"http:\/\/rekyuarts.com\/marc\/?page_id=790"},"modified":"2021-03-22T17:35:11","modified_gmt":"2021-03-22T16:35:11","slug":"presentation","status":"publish","type":"page","link":"https:\/\/rekyuarts.com\/marc\/presentation\/","title":{"rendered":"Pr\u00e9sentation"},"content":{"rendered":"<p>[et_pb_section fb_built=\u00a0\u00bb1&Prime; _builder_version=\u00a0\u00bb4.9.2&Prime; _module_preset=\u00a0\u00bbdefault\u00a0\u00bb][et_pb_row column_structure=\u00a0\u00bb1_3,2_3&Prime; _builder_version=\u00a0\u00bb4.9.2&Prime; _module_preset=\u00a0\u00bbdefault\u00a0\u00bb][et_pb_column type=\u00a0\u00bb1_3&Prime; _builder_version=\u00a0\u00bb4.9.2&Prime; _module_preset=\u00a0\u00bbdefault\u00a0\u00bb][et_pb_image src=\u00a0\u00bbhttp:\/\/rekyuarts.com\/marc\/wp-content\/uploads\/2021\/03\/gaia8.jpg\u00a0\u00bb title_text=\u00a0\u00bbGa\u00efa VIII<br \/>La coquette\u00a0\u00bb align=\u00a0\u00bbcenter\u00a0\u00bb _builder_version=\u00a0\u00bb4.9.2&Prime; _module_preset=\u00a0\u00bbdefault\u00a0\u00bb global_colors_info=\u00a0\u00bb{}\u00a0\u00bb][\/et_pb_image][\/et_pb_column][et_pb_column type=\u00a0\u00bb2_3&Prime; _builder_version=\u00a0\u00bb4.9.2&Prime; _module_preset=\u00a0\u00bbdefault\u00a0\u00bb][et_pb_text _builder_version=\u00a0\u00bb4.9.2&Prime; _module_preset=\u00a0\u00bbdefault\u00a0\u00bb hover_enabled=\u00a0\u00bb0&Prime; sticky_enabled=\u00a0\u00bb0&Prime;]<\/p>\n<p align=\"center\"><a href=\"http:\/\/rekyuarts.com\/marc\/gaias\/\"><strong>Les Ga\u00efas<\/strong><\/a><\/p>\n<p align=\"center\">Elles sont du monde silencieux des pierres<br \/>les Ga\u00efas<br \/>Humanis\u00e9es sous les traits d&rsquo;une ou de plusieurs gr\u00e2ces<br \/>Elles sont une repr\u00e9sentation de la terre<br \/>de notre terre, la M\u00e8re<\/p>\n<p align=\"center\">Comme le symbole \u00e0 quoi elles nous renvoient<br \/>ces femmes portent et nourissent<br \/>Elles sont abondance, toute retenue<br \/>mais pour peu qu&rsquo;on les touche, pour peu qu&rsquo;on les regarde<br \/>chacune s&rsquo;anime et se d\u00e9voile<\/p>\n<p align=\"center\">Ici un manteau tombe, fait mine ou se referme<br \/>L\u00e0 un port de t\u00eate<br \/>des mains<br \/>les doigts&#8230;<\/p>\n<p align=\"center\">Elles sont d\u00e9esses, fesses, feuille<br \/>et semblent ne pas bouger<br \/>Mais qu&rsquo;on ne s&rsquo;y trompe pas<br \/>Elle, c&rsquo;est G\u00ea<br \/>Elle est Ga\u00efa<\/p>\n<p>[\/et_pb_text][\/et_pb_column][\/et_pb_row][et_pb_row column_structure=\u00a0\u00bb1_3,2_3&Prime; _builder_version=\u00a0\u00bb4.9.2&Prime; _module_preset=\u00a0\u00bbdefault\u00a0\u00bb][et_pb_column type=\u00a0\u00bb1_3&Prime; _builder_version=\u00a0\u00bb4.9.2&Prime; _module_preset=\u00a0\u00bbdefault\u00a0\u00bb][et_pb_image src=\u00a0\u00bbhttp:\/\/rekyuarts.com\/marc\/wp-content\/uploads\/2021\/03\/p20.jpg\u00a0\u00bb title_text=\u00a0\u00bbp20&Prime; align=\u00a0\u00bbcenter\u00a0\u00bb _builder_version=\u00a0\u00bb4.9.2&Prime; _module_preset=\u00a0\u00bbdefault\u00a0\u00bb][\/et_pb_image][\/et_pb_column][et_pb_column type=\u00a0\u00bb2_3&Prime; _builder_version=\u00a0\u00bb4.9.2&Prime; _module_preset=\u00a0\u00bbdefault\u00a0\u00bb][et_pb_text _builder_version=\u00a0\u00bb4.9.2&Prime; _module_preset=\u00a0\u00bbdefault\u00a0\u00bb hover_enabled=\u00a0\u00bb0&Prime; sticky_enabled=\u00a0\u00bb0&Prime;]<\/p>\n<p align=\"center\"><a href=\"http:\/\/rekyuarts.com\/marc\/pierres\/\"><strong>Pierres<\/strong><\/a><\/p>\n<p class=\"just\" align=\"center\">Exposition \u00e0 Rennes du 4 au 28 avril 2006<\/p>\n<p class=\"just\" align=\"center\">\u2026 une fois de plus exposer des pi\u00e8ces d&rsquo;\u00e9tude, puisqu&rsquo;\u00e0 y r\u00e9fl\u00e9chir je n&rsquo;ai expos\u00e9 que \u00e7a ou presque.<\/p>\n<p>le choix d&rsquo;un sujet th\u00e9orique domine. ne rien savoir que ma culture et le monde. entamer la pierre comme on entame des recherches. creuser, comme on dirait : approfondir. laisser les traces, cons\u00e9quences impr\u00e9vues (mais vues) du chemin. sans souci d&rsquo;exhaustivit\u00e9, avec cette unique contrainte : les pierres que j&rsquo;installais auparavant debout seront d\u00e9pos\u00e9es et compos\u00e9es dans cet autre nouveau sens. et qu&rsquo;advient-il alors ? les pi\u00e8ces montr\u00e9es auront pour moi la nouveaut\u00e9 li\u00e9e \u00e0 un temps compress\u00e9 et \u00e0 l&rsquo;incertitude&#8230; apr\u00e8s, demain seulement elles acquerront ce statut de sculpture que je ne veux pas encore attribuer ; quand le temps aura pass\u00e9, avec son in\u00e9vitable et b\u00e9n\u00e9fique recul.<\/p>\n<p>pendant des ann\u00e9es, j&rsquo;ai install\u00e9 des pierres \u00e0 la verticale et je me suis orient\u00e9 vers cette verticalit\u00e9 comme une constante. parfois, certaines pierres \u00e9taient pench\u00e9es \u00e0 30\u00b0, \u00e0 45\u00b0 quand je recherchais l&rsquo;\u00e9lan, un certain dynamisme. quand les formes, aussi, \u00e9taient impos\u00e9es par les sujets.<\/p>\n<p>quelques pierres ont \u00e9t\u00e9 d\u00e9pos\u00e9es qui n&rsquo;avaient pas de base, allong\u00e9es tandis que je tentais de r\u00e9pondre \u00e0 un probl\u00e8me que me posait la stabilit\u00e9, le soubassement, le socle ou leur absence. questions \u00e9quivalentes en sculpture \u00e0 celle de l&rsquo;installation ou de l&rsquo;accrochage en peinture.<\/p>\n<p>j&rsquo;ai pos\u00e9 ces pierres au sol, sur socle ou sans socle, que j&rsquo;appelais pierres pos\u00e9es, sans faire de cette mani\u00e8re comme ici quelque chose de syst\u00e9matique. sauf \u00e0 un moment o\u00f9 il m&rsquo;est venu de placer une sculpture \u00e0 ras de terre en me disant que le proc\u00e9d\u00e9 serait int\u00e9ressant \u00e0 \u00e9tudier et \u00e0 poursuivre.<\/p>\n<p>j&rsquo;ai appel\u00e9 cette pierre \u00ab\u00a0Pierre un\u00a0\u00bb. mais de cette pi\u00e8ce je n&rsquo;ai conserv\u00e9 longtemps que le geste d&rsquo;installer ou de d\u00e9poser mes pierres, seules, dans une cavit\u00e9, dans une autre pierre, stables ou en \u00e9quilibre, immobiles ou en mouvement possible. l&rsquo;id\u00e9e \u00e9tait alors de d\u00e9poser et d&rsquo;abandonner, trace de passage, mais pas d&rsquo;\u00e9tude.<\/p>\n<p>j&rsquo;ai \u00e9mis l&rsquo;id\u00e9e d&rsquo;une installation de trois grandes pierres allong\u00e9es au sol mais le projet n&rsquo;a pas abouti.<\/p>\n<p>nourri de l&rsquo;id\u00e9e que l&rsquo;\u0153uvre est creuse, j&rsquo;ai empli des pierres que je fa\u00e7onnais d&rsquo;autres pierres, de terre, d&rsquo;eau. dans ce dernier cas, l&rsquo;horizontalit\u00e9 \u00e9tait un fait patent. j&rsquo;aurais aim\u00e9 qu&rsquo;il en fut autrement ; je n&rsquo;avais pas moyen d&rsquo;aller plus loin.<\/p>\n<p>lors de l&rsquo;installation de six pierres au sol en Ecosse, la verticalit\u00e9 s&rsquo;est enfuie pour un temps : l\u00e0, l&rsquo;horizontalit\u00e9, loin d&rsquo;\u00eatre obligatoire, est devenue n\u00e9cessaire \u00e0 mon sens tandis que j&rsquo;observais l&rsquo;effet qu&rsquo;elle avait sur les miens&#8230; dans mon esprit, une pierre est descendue en terre, s&rsquo;y est enfonc\u00e9e, s&rsquo;y est allong\u00e9e&#8230; elle en ressort aujourd&rsquo;hui, passablement apais\u00e9e. elle est rest\u00e9e allong\u00e9e&#8230;<\/p>\n<p>quelle pr\u00e9sence ont les pierres horizontales ? quel en est le pouvoir ? comment les installer ? sur quoi les d\u00e9poser ou dans quoi les placer ? comment r\u00e9soudre les questions li\u00e9es \u00e0 la stabilit\u00e9 ? qu&rsquo;est-ce que la sculpture et jusqu&rsquo;o\u00f9 aller dans le \u00ab\u00a0moins\u00a0\u00bb pour que des pierres, n\u00e9anmoins gorg\u00e9es, \u00e9mettent ?<\/p>\n<p>des pierres lev\u00e9es \u00e0 l&rsquo;horizontale&#8230;la pierre et l&rsquo;eau, les lieux communs, le sciage des sciages, les pierres lev\u00e9es, les pierres pos\u00e9es, les cavit\u00e9s, les reliefs, les terres craquel\u00e9es, les ronds dans l&rsquo;eau &#8211; tous sujets ont \u00e9t\u00e9 sujets d&rsquo;\u00e9tude th\u00e9orique. sans que je m&rsquo;int\u00e9resse aux formes que prenaient les choses faites, au b\u00e9n\u00e9fice de ce qu&rsquo;il y aurait dedans. les supports sont souvent devenus neutres et indiff\u00e9rents \u00e0 mes yeux.<\/p>\n<p>Coucher. au del\u00e0 des apparences, c&rsquo;est bien l\u00e0 qu&rsquo;est le sujet pour moi : une r\u00e9flexion sans but et sans conclusion \u00e0 propos de cet objet unique. d&rsquo;une horizontalit\u00e9 que des pierres, charg\u00e9es de plusieurs des aspects ou des mani\u00e8res qu&rsquo;il m&rsquo;a plu jusqu&rsquo;ici d&rsquo;exp\u00e9rimenter proposent en mon absence et \u00e0 leur tour, installant un espace de silence proche de la ligne continue, d&rsquo;un enc\u00e9phalogramme plat. parce qu&rsquo;en l&rsquo;absence d&rsquo;\u00e9l\u00e9vation physique, d&rsquo;\u00e9rection monolithique, les pierres que je forme, suite discontinue sur l&rsquo;adaptation \u00e0 la position du repos de pierres jusqu&rsquo;ici pens\u00e9es debout, d&rsquo;\u00e9vidence, pr\u00e9sentent des caract\u00e9ristiques que ne poss\u00e9daient pas les pr\u00e9c\u00e9dentes : les supports neutres des colonnes de pierre \u00e9rig\u00e9es \u00e9taient entendus comme s\u00e9maphores, marqueurs chronologiques des \u00e9tapes et des faits, signaux inscrits. aujourd&rsquo;hui, je vois parfois des bateaux. le sciage fait place au sillage.. le temps, encore le voyage int\u00e9rieur.<\/p>\n<p>les installations qui suivent sont \u00e0 faire et \u00e0 d\u00e9faire. on y trouvera une pierre ou rien, l&rsquo;envie de peser, de manipuler pour pr\u00e9senter diff\u00e9remment les compositions et g\u00e9n\u00e9rer sensation d&rsquo;\u00e9quilibre stable, dynamisme, rayonnement, image ou titre : \u00ab\u00a0trois pierres\u00a0\u00bb ; \u00ab\u00a0sur la mer des poissons les bateaux\u00a0\u00bb ; \u00ab\u00a0nous avons des savoirs partiels\u00a0\u00bb ; \u00ab\u00a0mettre en contact\u00a0\u00bb.<\/p>\n<p>&#8230; en profiter pour d\u00e9couvrir des choses sur soi, sur les pierres, la nature ou sur le monde. avancer, au risque de se tromper.<\/p>\n<p>n\u00e9 en 1961, Marc Simon travaille la pierre depuis 1984.<\/p>\n<p>[\/et_pb_text][\/et_pb_column][\/et_pb_row][et_pb_row column_structure=\u00a0\u00bb1_3,2_3&Prime; _builder_version=\u00a0\u00bb4.9.2&Prime; _module_preset=\u00a0\u00bbdefault\u00a0\u00bb][et_pb_column type=\u00a0\u00bb1_3&Prime; _builder_version=\u00a0\u00bb4.9.2&Prime; _module_preset=\u00a0\u00bbdefault\u00a0\u00bb][et_pb_image src=\u00a0\u00bbhttp:\/\/rekyuarts.com\/marc\/wp-content\/uploads\/2021\/03\/2regards.jpg\u00a0\u00bb title_text=\u00a0\u00bb2regards\u00a0\u00bb align=\u00a0\u00bbcenter\u00a0\u00bb _builder_version=\u00a0\u00bb4.9.2&Prime; _module_preset=\u00a0\u00bbdefault\u00a0\u00bb global_colors_info=\u00a0\u00bb{}\u00a0\u00bb][\/et_pb_image][\/et_pb_column][et_pb_column type=\u00a0\u00bb2_3&Prime; _builder_version=\u00a0\u00bb4.9.2&Prime; _module_preset=\u00a0\u00bbdefault\u00a0\u00bb][et_pb_text _builder_version=\u00a0\u00bb4.9.2&Prime; _module_preset=\u00a0\u00bbdefault\u00a0\u00bb]<\/p>\n<p align=\"center\"><span class=\"smalltitle\"><a href=\"http:\/\/www.marcsimon-sculpture.eu\/portes2.htm\" target=\"_blank\" rel=\"noopener\">Les Portes<\/a><\/span><\/p>\n<p align=\"justify\">Nous sommes \u00e0 la moiti\u00e9 de l\u2019an 2001, et cela fait maintenant bient\u00f4t trois ans que je travaille sur l\u2019id\u00e9e de la porte, ou du passage&#8230; (suite <a href=\"http:\/\/www.marcsimon-sculpture.eu\/portes2.htm\" target=\"_blank\" rel=\"noopener\">page des Portes<\/a>)<\/p>\n<p>[\/et_pb_text][\/et_pb_column][\/et_pb_row][et_pb_row column_structure=\u00a0\u00bb1_3,2_3&Prime; _builder_version=\u00a0\u00bb4.9.2&Prime; _module_preset=\u00a0\u00bbdefault\u00a0\u00bb][et_pb_column type=\u00a0\u00bb1_3&Prime; _builder_version=\u00a0\u00bb4.9.2&Prime; _module_preset=\u00a0\u00bbdefault\u00a0\u00bb][et_pb_image src=\u00a0\u00bbhttp:\/\/rekyuarts.com\/marc\/wp-content\/uploads\/2021\/03\/1-1.jpg\u00a0\u00bb title_text=\u00a0\u00bb1&Prime; align=\u00a0\u00bbcenter\u00a0\u00bb _builder_version=\u00a0\u00bb4.9.2&Prime; _module_preset=\u00a0\u00bbdefault\u00a0\u00bb global_colors_info=\u00a0\u00bb{}\u00a0\u00bb][\/et_pb_image][\/et_pb_column][et_pb_column type=\u00a0\u00bb2_3&Prime; _builder_version=\u00a0\u00bb4.9.2&Prime; _module_preset=\u00a0\u00bbdefault\u00a0\u00bb][et_pb_text _builder_version=\u00a0\u00bb4.9.2&Prime; _module_preset=\u00a0\u00bbdefault\u00a0\u00bb]<\/p>\n<p class=\"smalltitle\" align=\"center\"><a href=\"http:\/\/www.marcsimon-sculpture.eu\/pierrehabite.htm\" target=\"_blank\" rel=\"noopener\">Pierres habit\u00e9es<\/a><\/p>\n<p align=\"justify\">Il m&rsquo;\u00e9tait apparu que l&rsquo;\u0153uvre est creuse en r\u00e9fl\u00e9chissant \u00e0 la question de l&rsquo;universalit\u00e9 des messages et de leur pr\u00e9sentation dans le domaine des arts plastiques sans repr\u00e9sentation\u2026 Que dire qui s&rsquo;adresserait \u00e0 chacun ou comment dire une chose sous une seule forme de mani\u00e8re \u00e0 \u00eatre entendu de tous ou du plus grand nombre ?<br \/>\u2026 face \u00e0 un d\u00e9dale de formes et d&rsquo;expressions, de centres d&rsquo;int\u00e9r\u00eats et de cultures, mais face aussi \u00e0 un nombre r\u00e9duit de sujets \u00e0 caract\u00e8re ou \u00e0 port\u00e9e universels. (suite <a href=\"http:\/\/www.marcsimon-sculpture.eu\/pierrehabite.htm\" target=\"_blank\" rel=\"noopener\">page des Pierres habit\u00e9es<\/a>)<\/p>\n<p>[\/et_pb_text][\/et_pb_column][\/et_pb_row][et_pb_row column_structure=\u00a0\u00bb1_3,2_3&Prime; _builder_version=\u00a0\u00bb4.9.2&Prime; _module_preset=\u00a0\u00bbdefault\u00a0\u00bb][et_pb_column type=\u00a0\u00bb1_3&Prime; _builder_version=\u00a0\u00bb4.9.2&Prime; _module_preset=\u00a0\u00bbdefault\u00a0\u00bb][et_pb_image src=\u00a0\u00bbhttp:\/\/rekyuarts.com\/marc\/wp-content\/uploads\/2021\/03\/LaPouP24.jpg\u00a0\u00bb title_text=\u00a0\u00bbLa PouP ki TooS &#8211; 2013&Prime; align=\u00a0\u00bbcenter\u00a0\u00bb _builder_version=\u00a0\u00bb4.9.2&Prime; _module_preset=\u00a0\u00bbdefault\u00a0\u00bb global_colors_info=\u00a0\u00bb{}\u00a0\u00bb][\/et_pb_image][\/et_pb_column][et_pb_column type=\u00a0\u00bb2_3&Prime; _builder_version=\u00a0\u00bb4.9.2&Prime; _module_preset=\u00a0\u00bbdefault\u00a0\u00bb][et_pb_text _builder_version=\u00a0\u00bb4.9.2&Prime; _module_preset=\u00a0\u00bbdefault\u00a0\u00bb]<\/p>\n<div align=\"justify\">\n<p class=\"smalltitle\" align=\"center\"><a href=\"http:\/\/www.marcsimon-sculpture.eu\/graphisme.htm\" target=\"_blank\" rel=\"noopener\">Graphisme <\/a><\/p>\n<p align=\"justify\">R\u00e9alisation graphiques et num\u00e9riques&#8230;<\/p>\n<\/div>\n<p>[\/et_pb_text][\/et_pb_column][\/et_pb_row][et_pb_row column_structure=\u00a0\u00bb1_3,2_3&Prime; _builder_version=\u00a0\u00bb4.9.2&Prime; _module_preset=\u00a0\u00bbdefault\u00a0\u00bb][et_pb_column type=\u00a0\u00bb1_3&Prime; _builder_version=\u00a0\u00bb4.9.2&Prime; _module_preset=\u00a0\u00bbdefault\u00a0\u00bb][et_pb_image src=\u00a0\u00bbhttp:\/\/rekyuarts.com\/marc\/wp-content\/uploads\/2021\/03\/marc_camfrout4.jpg\u00a0\u00bb title_text=\u00a0\u00bbmarc_camfrout4&Prime; align=\u00a0\u00bbcenter\u00a0\u00bb _builder_version=\u00a0\u00bb4.9.2&Prime; _module_preset=\u00a0\u00bbdefault\u00a0\u00bb global_colors_info=\u00a0\u00bb{}\u00a0\u00bb][\/et_pb_image][\/et_pb_column][et_pb_column type=\u00a0\u00bb2_3&Prime; _builder_version=\u00a0\u00bb4.9.2&Prime; _module_preset=\u00a0\u00bbdefault\u00a0\u00bb][et_pb_text _builder_version=\u00a0\u00bb4.9.2&Prime; _module_preset=\u00a0\u00bbdefault\u00a0\u00bb]<\/p>\n<div align=\"justify\">\n<p class=\"smalltitle\" align=\"center\"><a href=\"http:\/\/www.marcsimon-sculpture.eu\/cvexpo.htm\" target=\"_blank\" rel=\"noopener\">Parcours expo <\/a><\/p>\n<p align=\"justify\">Curiculum vitae, expositions, enseignement<\/p>\n<\/div>\n<p>[\/et_pb_text][\/et_pb_column][\/et_pb_row][\/et_pb_section]<\/p>\n","protected":false},"excerpt":{"rendered":"<p>Les Ga\u00efas Elles sont du monde silencieux des pierresles Ga\u00efasHumanis\u00e9es sous les traits d&rsquo;une ou de plusieurs gr\u00e2cesElles sont une repr\u00e9sentation de la terrede notre terre, la M\u00e8re Comme le symbole \u00e0 quoi elles nous renvoientces femmes portent et nourissentElles sont abondance, toute retenuemais pour peu qu&rsquo;on les touche, pour peu qu&rsquo;on les regardechacune s&rsquo;anime [&hellip;]<\/p>\n","protected":false},"author":1,"featured_media":0,"parent":0,"menu_order":0,"comment_status":"closed","ping_status":"closed","template":"","meta":{"_et_pb_use_builder":"on","_et_pb_old_content":"","_et_gb_content_width":"","footnotes":""},"class_list":["post-790","page","type-page","status-publish","hentry"],"_links":{"self":[{"href":"https:\/\/rekyuarts.com\/marc\/wp-json\/wp\/v2\/pages\/790","targetHints":{"allow":["GET"]}}],"collection":[{"href":"https:\/\/rekyuarts.com\/marc\/wp-json\/wp\/v2\/pages"}],"about":[{"href":"https:\/\/rekyuarts.com\/marc\/wp-json\/wp\/v2\/types\/page"}],"author":[{"embeddable":true,"href":"https:\/\/rekyuarts.com\/marc\/wp-json\/wp\/v2\/users\/1"}],"replies":[{"embeddable":true,"href":"https:\/\/rekyuarts.com\/marc\/wp-json\/wp\/v2\/comments?post=790"}],"version-history":[{"count":7,"href":"https:\/\/rekyuarts.com\/marc\/wp-json\/wp\/v2\/pages\/790\/revisions"}],"predecessor-version":[{"id":940,"href":"https:\/\/rekyuarts.com\/marc\/wp-json\/wp\/v2\/pages\/790\/revisions\/940"}],"wp:attachment":[{"href":"https:\/\/rekyuarts.com\/marc\/wp-json\/wp\/v2\/media?parent=790"}],"curies":[{"name":"wp","href":"https:\/\/api.w.org\/{rel}","templated":true}]}}